{"id":463,"date":"2024-02-11T09:28:45","date_gmt":"2024-02-11T08:28:45","guid":{"rendered":"http:\/\/ullrich-krause.de\/Schachtraining\/?page_id=463"},"modified":"2024-02-11T11:43:30","modified_gmt":"2024-02-11T10:43:30","slug":"versaeumnisse-und-fehler","status":"publish","type":"page","link":"https:\/\/ullrich-krause.de\/Schachtraining\/versaeumnisse-und-fehler\/","title":{"rendered":"Vers\u00e4umnisse und Fehler"},"content":{"rendered":"<p>A. Selbstvorw\u00fcrfe<br \/>\nB. LPDO &#8211; Loose pieces drop off<br \/>\nC. Schwer zu sehende Z\u00fcge<\/p>\n","protected":false},"excerpt":{"rendered":"<p>A. Selbstvorw\u00fcrfe B. LPDO &#8211; Loose pieces drop off C. Schwer zu sehende Z\u00fcge<\/p>\n","protected":false},"author":1,"featured_media":0,"parent":0,"menu_order":0,"comment_status":"closed","ping_status":"closed","template":"","meta":{"_kad_post_transparent":"default","_kad_post_title":"default","_kad_post_layout":"default","_kad_post_sidebar_id":"","_kad_post_content_style":"default","_kad_post_vertical_padding":"default","_kad_post_feature":"","_kad_post_feature_position":"","_kad_post_header":false,"_kad_post_footer":false,"_kad_post_classname":"","footnotes":""},"class_list":["post-463","page","type-page","status-publish","hentry"],"yoast_head":"<!-- This site is optimized with the Yoast SEO plugin v27.3 - https:\/\/yoast.com\/product\/yoast-seo-wordpress\/ -->\n<title>Vers\u00e4umnisse und Fehler - Schachtraining im L\u00fcbecker Schachverein<\/title>\n<meta name=\"robots\" content=\"index, follow, max-snippet:-1, max-image-preview:large, max-video-preview:-1\" \/>\n<link rel=\"canonical\" href=\"https:\/\/ullrich-krause.de\/Schachtraining\/versaeumnisse-und-fehler\/\" \/>\n<meta property=\"og:locale\" content=\"de_DE\" \/>\n<meta property=\"og:type\" content=\"article\" \/>\n<meta property=\"og:title\" content=\"Vers\u00e4umnisse und Fehler - Schachtraining im L\u00fcbecker Schachverein\" \/>\n<meta property=\"og:description\" content=\"A. Selbstvorw\u00fcrfe B. LPDO &#8211; Loose pieces drop off C. Schwer zu sehende Z\u00fcge\" \/>\n<meta property=\"og:url\" content=\"https:\/\/ullrich-krause.de\/Schachtraining\/versaeumnisse-und-fehler\/\" \/>\n<meta property=\"og:site_name\" content=\"Schachtraining im L\u00fcbecker Schachverein\" \/>\n<meta property=\"article:modified_time\" content=\"2024-02-11T10:43:30+00:00\" \/>\n<meta name=\"twitter:card\" content=\"summary_large_image\" \/>\n<meta name=\"twitter:label1\" content=\"Gesch\u00e4tzte Lesezeit\" \/>\n\t<meta name=\"twitter:data1\" content=\"1\u00a0Minute\" \/>\n<script type=\"application\/ld+json\" class=\"yoast-schema-graph\">{\"@context\":\"https:\\\/\\\/schema.org\",\"@graph\":[{\"@type\":\"WebPage\",\"@id\":\"https:\\\/\\\/ullrich-krause.de\\\/Schachtraining\\\/versaeumnisse-und-fehler\\\/\",\"url\":\"https:\\\/\\\/ullrich-krause.de\\\/Schachtraining\\\/versaeumnisse-und-fehler\\\/\",\"name\":\"Vers\u00e4umnisse und Fehler - Schachtraining im L\u00fcbecker Schachverein\",\"isPartOf\":{\"@id\":\"https:\\\/\\\/ullrich-krause.de\\\/Schachtraining\\\/#website\"},\"datePublished\":\"2024-02-11T08:28:45+00:00\",\"dateModified\":\"2024-02-11T10:43:30+00:00\",\"breadcrumb\":{\"@id\":\"https:\\\/\\\/ullrich-krause.de\\\/Schachtraining\\\/versaeumnisse-und-fehler\\\/#breadcrumb\"},\"inLanguage\":\"de\",\"potentialAction\":[{\"@type\":\"ReadAction\",\"target\":[\"https:\\\/\\\/ullrich-krause.de\\\/Schachtraining\\\/versaeumnisse-und-fehler\\\/\"]}]},{\"@type\":\"BreadcrumbList\",\"@id\":\"https:\\\/\\\/ullrich-krause.de\\\/Schachtraining\\\/versaeumnisse-und-fehler\\\/#breadcrumb\",\"itemListElement\":[{\"@type\":\"ListItem\",\"position\":1,\"name\":\"Startseite\",\"item\":\"https:\\\/\\\/ullrich-krause.de\\\/Schachtraining\\\/\"},{\"@type\":\"ListItem\",\"position\":2,\"name\":\"Vers\u00e4umnisse und Fehler\"}]},{\"@type\":\"WebSite\",\"@id\":\"https:\\\/\\\/ullrich-krause.de\\\/Schachtraining\\\/#website\",\"url\":\"https:\\\/\\\/ullrich-krause.de\\\/Schachtraining\\\/\",\"name\":\"Schachtraining im L\u00fcbecker Schachverein\",\"description\":\"\",\"potentialAction\":[{\"@type\":\"SearchAction\",\"target\":{\"@type\":\"EntryPoint\",\"urlTemplate\":\"https:\\\/\\\/ullrich-krause.de\\\/Schachtraining\\\/?s={search_term_string}\"},\"query-input\":{\"@type\":\"PropertyValueSpecification\",\"valueRequired\":true,\"valueName\":\"search_term_string\"}}],\"inLanguage\":\"de\"}]}<\/script>\n<!-- \/ Yoast SEO plugin. -->","yoast_head_json":{"title":"Vers\u00e4umnisse und Fehler - Schachtraining im L\u00fcbecker Schachverein","robots":{"index":"index","follow":"follow","max-snippet":"max-snippet:-1","max-image-preview":"max-image-preview:large","max-video-preview":"max-video-preview:-1"},"canonical":"https:\/\/ullrich-krause.de\/Schachtraining\/versaeumnisse-und-fehler\/","og_locale":"de_DE","og_type":"article","og_title":"Vers\u00e4umnisse und Fehler - Schachtraining im L\u00fcbecker Schachverein","og_description":"A. Selbstvorw\u00fcrfe B. LPDO &#8211; Loose pieces drop off C. Schwer zu sehende Z\u00fcge","og_url":"https:\/\/ullrich-krause.de\/Schachtraining\/versaeumnisse-und-fehler\/","og_site_name":"Schachtraining im L\u00fcbecker Schachverein","article_modified_time":"2024-02-11T10:43:30+00:00","twitter_card":"summary_large_image","twitter_misc":{"Gesch\u00e4tzte Lesezeit":"1\u00a0Minute"},"schema":{"@context":"https:\/\/schema.org","@graph":[{"@type":"WebPage","@id":"https:\/\/ullrich-krause.de\/Schachtraining\/versaeumnisse-und-fehler\/","url":"https:\/\/ullrich-krause.de\/Schachtraining\/versaeumnisse-und-fehler\/","name":"Vers\u00e4umnisse und Fehler - Schachtraining im L\u00fcbecker Schachverein","isPartOf":{"@id":"https:\/\/ullrich-krause.de\/Schachtraining\/#website"},"datePublished":"2024-02-11T08:28:45+00:00","dateModified":"2024-02-11T10:43:30+00:00","breadcrumb":{"@id":"https:\/\/ullrich-krause.de\/Schachtraining\/versaeumnisse-und-fehler\/#breadcrumb"},"inLanguage":"de","potentialAction":[{"@type":"ReadAction","target":["https:\/\/ullrich-krause.de\/Schachtraining\/versaeumnisse-und-fehler\/"]}]},{"@type":"BreadcrumbList","@id":"https:\/\/ullrich-krause.de\/Schachtraining\/versaeumnisse-und-fehler\/#breadcrumb","itemListElement":[{"@type":"ListItem","position":1,"name":"Startseite","item":"https:\/\/ullrich-krause.de\/Schachtraining\/"},{"@type":"ListItem","position":2,"name":"Vers\u00e4umnisse und Fehler"}]},{"@type":"WebSite","@id":"https:\/\/ullrich-krause.de\/Schachtraining\/#website","url":"https:\/\/ullrich-krause.de\/Schachtraining\/","name":"Schachtraining im L\u00fcbecker Schachverein","description":"","potentialAction":[{"@type":"SearchAction","target":{"@type":"EntryPoint","urlTemplate":"https:\/\/ullrich-krause.de\/Schachtraining\/?s={search_term_string}"},"query-input":{"@type":"PropertyValueSpecification","valueRequired":true,"valueName":"search_term_string"}}],"inLanguage":"de"}]}},"_links":{"self":[{"href":"https:\/\/ullrich-krause.de\/Schachtraining\/wp-json\/wp\/v2\/pages\/463","targetHints":{"allow":["GET"]}}],"collection":[{"href":"https:\/\/ullrich-krause.de\/Schachtraining\/wp-json\/wp\/v2\/pages"}],"about":[{"href":"https:\/\/ullrich-krause.de\/Schachtraining\/wp-json\/wp\/v2\/types\/page"}],"author":[{"embeddable":true,"href":"https:\/\/ullrich-krause.de\/Schachtraining\/wp-json\/wp\/v2\/users\/1"}],"replies":[{"embeddable":true,"href":"https:\/\/ullrich-krause.de\/Schachtraining\/wp-json\/wp\/v2\/comments?post=463"}],"version-history":[{"count":4,"href":"https:\/\/ullrich-krause.de\/Schachtraining\/wp-json\/wp\/v2\/pages\/463\/revisions"}],"predecessor-version":[{"id":519,"href":"https:\/\/ullrich-krause.de\/Schachtraining\/wp-json\/wp\/v2\/pages\/463\/revisions\/519"}],"wp:attachment":[{"href":"https:\/\/ullrich-krause.de\/Schachtraining\/wp-json\/wp\/v2\/media?parent=463"}],"curies":[{"name":"wp","href":"https:\/\/api.w.org\/{rel}","templated":true}]}}