{"id":465,"date":"2024-02-11T09:29:01","date_gmt":"2024-02-11T08:29:01","guid":{"rendered":"http:\/\/ullrich-krause.de\/Schachtraining\/?page_id=465"},"modified":"2024-02-11T11:44:11","modified_gmt":"2024-02-11T10:44:11","slug":"zeitnot","status":"publish","type":"page","link":"https:\/\/ullrich-krause.de\/Schachtraining\/zeitnot\/","title":{"rendered":"Zeitnot"},"content":{"rendered":"<p>A. Gr\u00fcnde f\u00fcr Zeitnot<br \/>\nB. Zeitnot vermeiden<br \/>\nC. Eigene Zeitnot<br \/>\nD. Gegnerische Zeitnot<\/p>\n","protected":false},"excerpt":{"rendered":"<p>A. Gr\u00fcnde f\u00fcr Zeitnot B. Zeitnot vermeiden C. Eigene Zeitnot D. Gegnerische Zeitnot<\/p>\n","protected":false},"author":1,"featured_media":0,"parent":0,"menu_order":0,"comment_status":"closed","ping_status":"closed","template":"","meta":{"_kad_post_transparent":"default","_kad_post_title":"default","_kad_post_layout":"default","_kad_post_sidebar_id":"","_kad_post_content_style":"default","_kad_post_vertical_padding":"default","_kad_post_feature":"","_kad_post_feature_position":"","_kad_post_header":false,"_kad_post_footer":false,"_kad_post_classname":"","footnotes":""},"class_list":["post-465","page","type-page","status-publish","hentry"],"yoast_head":"<!-- This site is optimized with the Yoast SEO plugin v27.3 - https:\/\/yoast.com\/product\/yoast-seo-wordpress\/ -->\n<title>Zeitnot - Schachtraining im L\u00fcbecker Schachverein<\/title>\n<meta name=\"robots\" content=\"index, follow, max-snippet:-1, max-image-preview:large, max-video-preview:-1\" \/>\n<link rel=\"canonical\" href=\"https:\/\/ullrich-krause.de\/Schachtraining\/zeitnot\/\" \/>\n<meta property=\"og:locale\" content=\"de_DE\" \/>\n<meta property=\"og:type\" content=\"article\" \/>\n<meta property=\"og:title\" content=\"Zeitnot - Schachtraining im L\u00fcbecker Schachverein\" \/>\n<meta property=\"og:description\" content=\"A. Gr\u00fcnde f\u00fcr Zeitnot B. Zeitnot vermeiden C. Eigene Zeitnot D. Gegnerische Zeitnot\" \/>\n<meta property=\"og:url\" content=\"https:\/\/ullrich-krause.de\/Schachtraining\/zeitnot\/\" \/>\n<meta property=\"og:site_name\" content=\"Schachtraining im L\u00fcbecker Schachverein\" \/>\n<meta property=\"article:modified_time\" content=\"2024-02-11T10:44:11+00:00\" \/>\n<meta name=\"twitter:card\" content=\"summary_large_image\" \/>\n<script type=\"application\/ld+json\" class=\"yoast-schema-graph\">{\"@context\":\"https:\\\/\\\/schema.org\",\"@graph\":[{\"@type\":\"WebPage\",\"@id\":\"https:\\\/\\\/ullrich-krause.de\\\/Schachtraining\\\/zeitnot\\\/\",\"url\":\"https:\\\/\\\/ullrich-krause.de\\\/Schachtraining\\\/zeitnot\\\/\",\"name\":\"Zeitnot - Schachtraining im L\u00fcbecker Schachverein\",\"isPartOf\":{\"@id\":\"https:\\\/\\\/ullrich-krause.de\\\/Schachtraining\\\/#website\"},\"datePublished\":\"2024-02-11T08:29:01+00:00\",\"dateModified\":\"2024-02-11T10:44:11+00:00\",\"breadcrumb\":{\"@id\":\"https:\\\/\\\/ullrich-krause.de\\\/Schachtraining\\\/zeitnot\\\/#breadcrumb\"},\"inLanguage\":\"de\",\"potentialAction\":[{\"@type\":\"ReadAction\",\"target\":[\"https:\\\/\\\/ullrich-krause.de\\\/Schachtraining\\\/zeitnot\\\/\"]}]},{\"@type\":\"BreadcrumbList\",\"@id\":\"https:\\\/\\\/ullrich-krause.de\\\/Schachtraining\\\/zeitnot\\\/#breadcrumb\",\"itemListElement\":[{\"@type\":\"ListItem\",\"position\":1,\"name\":\"Startseite\",\"item\":\"https:\\\/\\\/ullrich-krause.de\\\/Schachtraining\\\/\"},{\"@type\":\"ListItem\",\"position\":2,\"name\":\"Zeitnot\"}]},{\"@type\":\"WebSite\",\"@id\":\"https:\\\/\\\/ullrich-krause.de\\\/Schachtraining\\\/#website\",\"url\":\"https:\\\/\\\/ullrich-krause.de\\\/Schachtraining\\\/\",\"name\":\"Schachtraining im L\u00fcbecker Schachverein\",\"description\":\"\",\"potentialAction\":[{\"@type\":\"SearchAction\",\"target\":{\"@type\":\"EntryPoint\",\"urlTemplate\":\"https:\\\/\\\/ullrich-krause.de\\\/Schachtraining\\\/?s={search_term_string}\"},\"query-input\":{\"@type\":\"PropertyValueSpecification\",\"valueRequired\":true,\"valueName\":\"search_term_string\"}}],\"inLanguage\":\"de\"}]}<\/script>\n<!-- \/ Yoast SEO plugin. -->","yoast_head_json":{"title":"Zeitnot - Schachtraining im L\u00fcbecker Schachverein","robots":{"index":"index","follow":"follow","max-snippet":"max-snippet:-1","max-image-preview":"max-image-preview:large","max-video-preview":"max-video-preview:-1"},"canonical":"https:\/\/ullrich-krause.de\/Schachtraining\/zeitnot\/","og_locale":"de_DE","og_type":"article","og_title":"Zeitnot - Schachtraining im L\u00fcbecker Schachverein","og_description":"A. Gr\u00fcnde f\u00fcr Zeitnot B. Zeitnot vermeiden C. Eigene Zeitnot D. Gegnerische Zeitnot","og_url":"https:\/\/ullrich-krause.de\/Schachtraining\/zeitnot\/","og_site_name":"Schachtraining im L\u00fcbecker Schachverein","article_modified_time":"2024-02-11T10:44:11+00:00","twitter_card":"summary_large_image","schema":{"@context":"https:\/\/schema.org","@graph":[{"@type":"WebPage","@id":"https:\/\/ullrich-krause.de\/Schachtraining\/zeitnot\/","url":"https:\/\/ullrich-krause.de\/Schachtraining\/zeitnot\/","name":"Zeitnot - Schachtraining im L\u00fcbecker Schachverein","isPartOf":{"@id":"https:\/\/ullrich-krause.de\/Schachtraining\/#website"},"datePublished":"2024-02-11T08:29:01+00:00","dateModified":"2024-02-11T10:44:11+00:00","breadcrumb":{"@id":"https:\/\/ullrich-krause.de\/Schachtraining\/zeitnot\/#breadcrumb"},"inLanguage":"de","potentialAction":[{"@type":"ReadAction","target":["https:\/\/ullrich-krause.de\/Schachtraining\/zeitnot\/"]}]},{"@type":"BreadcrumbList","@id":"https:\/\/ullrich-krause.de\/Schachtraining\/zeitnot\/#breadcrumb","itemListElement":[{"@type":"ListItem","position":1,"name":"Startseite","item":"https:\/\/ullrich-krause.de\/Schachtraining\/"},{"@type":"ListItem","position":2,"name":"Zeitnot"}]},{"@type":"WebSite","@id":"https:\/\/ullrich-krause.de\/Schachtraining\/#website","url":"https:\/\/ullrich-krause.de\/Schachtraining\/","name":"Schachtraining im L\u00fcbecker Schachverein","description":"","potentialAction":[{"@type":"SearchAction","target":{"@type":"EntryPoint","urlTemplate":"https:\/\/ullrich-krause.de\/Schachtraining\/?s={search_term_string}"},"query-input":{"@type":"PropertyValueSpecification","valueRequired":true,"valueName":"search_term_string"}}],"inLanguage":"de"}]}},"_links":{"self":[{"href":"https:\/\/ullrich-krause.de\/Schachtraining\/wp-json\/wp\/v2\/pages\/465","targetHints":{"allow":["GET"]}}],"collection":[{"href":"https:\/\/ullrich-krause.de\/Schachtraining\/wp-json\/wp\/v2\/pages"}],"about":[{"href":"https:\/\/ullrich-krause.de\/Schachtraining\/wp-json\/wp\/v2\/types\/page"}],"author":[{"embeddable":true,"href":"https:\/\/ullrich-krause.de\/Schachtraining\/wp-json\/wp\/v2\/users\/1"}],"replies":[{"embeddable":true,"href":"https:\/\/ullrich-krause.de\/Schachtraining\/wp-json\/wp\/v2\/comments?post=465"}],"version-history":[{"count":3,"href":"https:\/\/ullrich-krause.de\/Schachtraining\/wp-json\/wp\/v2\/pages\/465\/revisions"}],"predecessor-version":[{"id":520,"href":"https:\/\/ullrich-krause.de\/Schachtraining\/wp-json\/wp\/v2\/pages\/465\/revisions\/520"}],"wp:attachment":[{"href":"https:\/\/ullrich-krause.de\/Schachtraining\/wp-json\/wp\/v2\/media?parent=465"}],"curies":[{"name":"wp","href":"https:\/\/api.w.org\/{rel}","templated":true}]}}